{"id":2495,"date":"2017-06-14T06:51:57","date_gmt":"2017-06-14T06:51:57","guid":{"rendered":"http:\/\/demoapus.com\/homesweet\/?page_id=2495"},"modified":"2021-04-29T22:16:50","modified_gmt":"2021-04-30T01:16:50","slug":"about","status":"publish","type":"page","link":"https:\/\/lago.com.uy\/index.php\/about\/","title":{"rendered":"About"},"content":{"rendered":"<p>[vc_row][vc_column][vc_empty_space height=\u00bb55px\u00bb][vc_empty_space height=\u00bb55px\u00bb][vc_empty_space height=\u00bb55px\u00bb][\/vc_column][\/vc_row][vc_row][vc_column offset=\u00bbvc_col-lg-5 vc_col-md-5&#8243;][apus_gallery columns=\u00bb1&#8243; rows=\u00bb1&#8243; style=\u00bbdefault\u00bb style_border=\u00bb\u00bb images=\u00bb3693&#8243;][\/vc_column][vc_column offset=\u00bbvc_col-lg-7 vc_col-md-7&#8243;][vc_custom_heading text=\u00bbLago Propiedades:\u00bb font_container=\u00bbtag:h1|font_size:20px|text_align:left\u00bb use_theme_fonts=\u00bbyes\u00bb css=\u00bb.vc_custom_1583375348957{margin-top: 0px !important;margin-bottom: 20px !important;}\u00bb][vc_column_text]<\/p>\n<h3><span style=\"font-weight: 400;\">Inmobiliaria Lago se inicia en el a\u00f1o 2010,\u00a0 con ya varios a\u00f1os de experiencia previa en el rubro, conocedora de cada rinc\u00f3n de nuestra hermosa Ciudad de la Costa se crea una empresa dedicada a la administraci\u00f3n de propiedades y bienes ra\u00edces conformada por un grupo profesional, amable y din\u00e1mico.<\/span><\/h3>\n<h3><span style=\"font-weight: 400;\">Miembro de la C\u00e1mara Inmobiliaria del Uruguay<\/span><\/h3>\n<p>[\/vc_column_text][vc_single_image image=\u00bb4635&#8243;][\/vc_column][\/vc_row][vc_row full_width=\u00bbstretch_row\u00bb css=\u00bb.vc_custom_1502182670820{background-image: url(https:\/\/lago.com.uy\/wp-content\/uploads\/2017\/06\/bg-new.jpg?id=3159) !important;}\u00bb][vc_column width=\u00bb1\/2&#8243; offset=\u00bbvc_col-lg-2 vc_hidden-md vc_hidden-sm vc_hidden-xs\u00bb]\n            <div \n                class=\"elfsight-widget-whatsapp-chat elfsight-widget\" \n                data-elfsight-whatsapp-chat-options=\"%7B%22phone%22%3A%22%2B59891288012%22%2C%22bubbleIcon%22%3A%22whatsapp-chat%22%2C%22bubbleText%22%3A%22%22%2C%22picture%22%3A%22custom%22%2C%22pictureLibrary%22%3A%7B%22name%22%3A%22Nurdan%20Denkel%22%2C%22email%22%3A%22nurdan.denkel%40gmail.com%22%2C%22position%22%3A%22Product%20Designer%22%2C%22photo%22%3A%22https%3A%5C%2F%5C%2Frandomuser.me%5C%2Fapi%5C%2Fportraits%5C%2Fwomen%5C%2F70.jpg%22%7D%2C%22pictureCustom%22%3A%22https%3A%5C%2F%5C%2Flago.com.uy%5C%2Fwp-content%5C%2Fuploads%5C%2F2021%5C%2F05%5C%2Flogo-chico-unsmushed.jpg%22%2C%22name%22%3A%22Vendedor%22%2C%22nameCaptionType%22%3A%22custom%22%2C%22nameCaptionReplyTime%22%3A%22Typically%20replies%20within%20a%20day%22%2C%22nameCaptionCustom%22%3A%22%22%2C%22welcomeMessage%22%3A%22Hola%21%20%5Cud83d%5Cudc4b%3Cbr%3E%3Cbr%3E%5Cu00bfEn%20que%20podemos%20ayudarte%3F%22%2C%22buttonText%22%3A%22Hablemos%21%22%2C%22buttonIconVisible%22%3Atrue%2C%22position%22%3A%22floating%22%2C%22align%22%3A%22left%22%2C%22whereToDisplayChat%22%3A%22allPages%22%2C%22excludedPages%22%3A%5B%5D%2C%22specificPages%22%3A%5B%5D%2C%22devicesToDisplay%22%3A%5B%22mobile%22%2C%22desktop%22%5D%2C%22showChatTo%22%3A%22allVisitors%22%2C%22displayDays%22%3A%5B0%2C1%2C2%2C3%2C4%2C5%2C6%5D%2C%22timeSchedule%22%3Afalse%2C%22displayStartTime%22%3A%2200%3A00%22%2C%22displayEndTime%22%3A%2200%3A00%22%2C%22timeOnPage%22%3A0%2C%22timeOnSite%22%3A0%2C%22scrollPosition%22%3A70%2C%22exiIntent%22%3Afalse%2C%22notifications%22%3A%5B%22bubbleBadge%22%2C%22tabTitle%22%5D%2C%22headerBackgroundColor%22%3A%22rgb%289%2C%2094%2C%2084%29%22%2C%22buttonColor%22%3A%22rgb%2879%2C%20206%2C%2093%29%22%2C%22bubbleBackgroundColor%22%3A%22rgb%28255%2C%20255%2C%20255%29%22%2C%22bubbleIconColor%22%3A%22rgb%2879%2C%20206%2C%2093%29%22%2C%22buttonBorderRadius%22%3A15%2C%22widgetId%22%3A%221%22%7D\" \n                data-elfsight-whatsapp-chat-version=\"1.1.0\"\n                data-elfsight-widget-id=\"elfsight-whatsapp-chat-1\">\n            <\/div>\n            [\/vc_column][vc_column width=\u00bb1\/2&#8243;][vc_empty_space][\/vc_column][\/vc_row]<\/p>\n","protected":false},"excerpt":{"rendered":"<p>[vc_row][vc_column][vc_empty_space height=\u00bb55px\u00bb][vc_empty_space height=\u00bb55px\u00bb][vc_empty_space height=\u00bb55px\u00bb][\/vc_column][\/vc_row][vc_row][vc_column offset=\u00bbvc_col-lg-5 vc_col-md-5&#8243;][apus_gallery columns=\u00bb1&#8243; rows=\u00bb1&#8243; style=\u00bbdefault\u00bb style_border=\u00bb\u00bb images=\u00bb3693&#8243;][\/vc_column][vc_column offset=\u00bbvc_col-lg-7 vc_col-md-7&#8243;][vc_custom_heading text=\u00bbLago Propiedades:\u00bb font_container=\u00bbtag:h1|font_size:20px|text_align:left\u00bb use_theme_fonts=\u00bbyes\u00bb css=\u00bb.vc_custom_1583375348957{margin-top: 0px !important;margin-bottom: 20px !important;}\u00bb][vc_column_text] Inmobiliaria Lago se inicia en el a\u00f1o 2010,\u00a0 con ya varios a\u00f1os de experiencia previa en el rubro, conocedora de cada rinc\u00f3n de nuestra hermosa Ciudad de la Costa se crea una empresa &hellip; <br \/><a href=\"https:\/\/lago.com.uy\/index.php\/about\/\" class=\"more-link\">Continue reading <span class=\"screen-reader-text\">About<\/span><\/a><\/p>\n","protected":false},"author":1,"featured_media":0,"parent":0,"menu_order":0,"comment_status":"closed","ping_status":"closed","template":"","meta":{"footnotes":""},"class_list":["post-2495","page","type-page","status-publish","hentry"],"aioseo_notices":[],"_links":{"self":[{"href":"https:\/\/lago.com.uy\/index.php\/wp-json\/wp\/v2\/pages\/2495","targetHints":{"allow":["GET"]}}],"collection":[{"href":"https:\/\/lago.com.uy\/index.php\/wp-json\/wp\/v2\/pages"}],"about":[{"href":"https:\/\/lago.com.uy\/index.php\/wp-json\/wp\/v2\/types\/page"}],"author":[{"embeddable":true,"href":"https:\/\/lago.com.uy\/index.php\/wp-json\/wp\/v2\/users\/1"}],"replies":[{"embeddable":true,"href":"https:\/\/lago.com.uy\/index.php\/wp-json\/wp\/v2\/comments?post=2495"}],"version-history":[{"count":10,"href":"https:\/\/lago.com.uy\/index.php\/wp-json\/wp\/v2\/pages\/2495\/revisions"}],"predecessor-version":[{"id":4636,"href":"https:\/\/lago.com.uy\/index.php\/wp-json\/wp\/v2\/pages\/2495\/revisions\/4636"}],"wp:attachment":[{"href":"https:\/\/lago.com.uy\/index.php\/wp-json\/wp\/v2\/media?parent=2495"}],"curies":[{"name":"wp","href":"https:\/\/api.w.org\/{rel}","templated":true}]}}