{"id":3745,"date":"2019-10-23T00:02:30","date_gmt":"2019-10-23T03:02:30","guid":{"rendered":"https:\/\/lago.com.uy\/?page_id=3745"},"modified":"2019-11-12T18:30:12","modified_gmt":"2019-11-12T21:30:12","slug":"tasaciones","status":"publish","type":"page","link":"https:\/\/lago.com.uy\/index.php\/tasaciones\/","title":{"rendered":"Tasaciones"},"content":{"rendered":"<p>[vc_row][vc_column][vc_column_text]<\/p>\n<h1 style=\"text-align: center;\">TASAMOS SU PROPIEDAD<\/h1>\n<p>[\/vc_column_text][vc_empty_space height=\u00bb45&#8243;][\/vc_column][\/vc_row][vc_row][vc_column width=\u00bb1\/4&#8243;][vc_column_text]Realizamos tasaciones dentro del departamento de Canelones a propiedades y terrenos, solo tiene que ponerse en contacto con nosotros mediante el siguiente formulario y con gusto lo atenderemos y agendaremos una visita.[\/vc_column_text][\/vc_column][vc_column width=\u00bb3\/4&#8243;][vc_column_text]<iframe loading=\"lazy\" src=\"https:\/\/docs.google.com\/forms\/d\/e\/1FAIpQLSevEUY1pAvRv36W-85VSsq08tv6K-Jg5bU4MBKe4G2pXrCjdQ\/viewform?embedded=true\" width=\"700\" height=\"520\" frameborder=\"0\" marginwidth=\"0\" marginheight=\"0\">Cargando\u2026<\/iframe>[\/vc_column_text][\/vc_column][\/vc_row][vc_row][vc_column][vc_zigzag][vc_column_text]<\/p>\n<h2>Definiciones:<\/h2>\n<p>La\u00a0<strong>tasaci\u00f3n<\/strong>, t\u00e9cnicamente denominada como informe de valoraci\u00f3n, es un documento que suscribe un profesional competente para hacerlo y tiene como objetivo establecer de forma justificada el valor de un bien, de acuerdo con unos criterios previamente establecidos y desarrollando una metodolog\u00eda adecuada al fin propuesto.[\/vc_column_text][vc_empty_space height=\u00bb45&#8243;][\/vc_column][\/vc_row]<\/p>\n","protected":false},"excerpt":{"rendered":"<p>[vc_row][vc_column][vc_column_text] TASAMOS SU PROPIEDAD [\/vc_column_text][vc_empty_space height=\u00bb45&#8243;][\/vc_column][\/vc_row][vc_row][vc_column width=\u00bb1\/4&#8243;][vc_column_text]Realizamos tasaciones dentro del departamento de Canelones a propiedades y terrenos, solo tiene que ponerse en contacto con nosotros mediante el siguiente formulario y con gusto lo atenderemos y agendaremos una visita.[\/vc_column_text][\/vc_column][vc_column width=\u00bb3\/4&#8243;][vc_column_text]Cargando\u2026[\/vc_column_text][\/vc_column][\/vc_row][vc_row][vc_column][vc_zigzag][vc_column_text] Definiciones: La\u00a0tasaci\u00f3n, t\u00e9cnicamente denominada como informe de valoraci\u00f3n, es un documento que suscribe un profesional competente &hellip; <br \/><a href=\"https:\/\/lago.com.uy\/index.php\/tasaciones\/\" class=\"more-link\">Continue reading <span class=\"screen-reader-text\">Tasaciones<\/span><\/a><\/p>\n","protected":false},"author":1,"featured_media":0,"parent":0,"menu_order":0,"comment_status":"closed","ping_status":"closed","template":"","meta":{"footnotes":""},"class_list":["post-3745","page","type-page","status-publish","hentry"],"aioseo_notices":[],"_links":{"self":[{"href":"https:\/\/lago.com.uy\/index.php\/wp-json\/wp\/v2\/pages\/3745","targetHints":{"allow":["GET"]}}],"collection":[{"href":"https:\/\/lago.com.uy\/index.php\/wp-json\/wp\/v2\/pages"}],"about":[{"href":"https:\/\/lago.com.uy\/index.php\/wp-json\/wp\/v2\/types\/page"}],"author":[{"embeddable":true,"href":"https:\/\/lago.com.uy\/index.php\/wp-json\/wp\/v2\/users\/1"}],"replies":[{"embeddable":true,"href":"https:\/\/lago.com.uy\/index.php\/wp-json\/wp\/v2\/comments?post=3745"}],"version-history":[{"count":5,"href":"https:\/\/lago.com.uy\/index.php\/wp-json\/wp\/v2\/pages\/3745\/revisions"}],"predecessor-version":[{"id":3764,"href":"https:\/\/lago.com.uy\/index.php\/wp-json\/wp\/v2\/pages\/3745\/revisions\/3764"}],"wp:attachment":[{"href":"https:\/\/lago.com.uy\/index.php\/wp-json\/wp\/v2\/media?parent=3745"}],"curies":[{"name":"wp","href":"https:\/\/api.w.org\/{rel}","templated":true}]}}